{"id":13727,"date":"2020-06-04T12:48:34","date_gmt":"2020-06-04T12:48:34","guid":{"rendered":"https:\/\/hiima-store.com\/product\/anais-camel\/"},"modified":"2023-04-03T12:29:48","modified_gmt":"2023-04-03T12:29:48","slug":"anais-camel","status":"publish","type":"product","link":"https:\/\/hiima-store.com\/fr\/produit\/anais-camel\/","title":{"rendered":"Anais - Camel"},"content":{"rendered":"<p>&#8211; Fabriqu\u00e9 au Portugal<br \/>\n&#8211; Tige: 100% cuir<br \/>\n&#8211; Doublure: 100% cuir<br \/>\n&#8211; Semelle int\u00e9rieure: 100% cuir<br \/>\n&#8211; Semelle ext\u00e9rieure: 100% cuir<br \/>\n&#8211; Talon: 100% cuir<br \/>\n&#8211; Hauteur de talon: 6 cm<br \/>\n&#8211; Logo Hiima inscrit en dor\u00e9 sur la semelle int\u00e9rieure<br \/>\n&#8211; Fermeture zipp\u00e9e c\u00f4t\u00e9 interne<\/p>\n<p>&nbsp;<\/p>\n<pre id=\"tw-target-text\" class=\"tw-data-text tw-text-large tw-ta\" dir=\"ltr\" data-placeholder=\"Tradu\u00e7\u00e3o\"><span class=\"Y2IQFc\" lang=\"fr\" style=\"font-family: georgia, palatino, serif;\">Ce mod\u00e8le se porte bien avec un jean et notre <a href=\"https:\/\/hiima-store.com\/fr\/produit\/chemise-brode-aude\">chemise Aude<\/a>.<\/span><\/pre>\n","protected":false},"excerpt":{"rendered":"<p><strong>Conseil de pointure:<\/strong> Ce mod\u00e8le taille normalement. Si vous vous situez entre deux pointures ou si vous avez le pied fort, nous vous conseillons de prendre la pointure sup\u00e9rieure.<\/p>\n","protected":false},"featured_media":13728,"template":"","meta":[],"product_cat":[125,119],"product_tag":[],"acf":[],"aioseo_notices":[],"_links":{"self":[{"href":"https:\/\/hiima-store.com\/fr\/wp-json\/wp\/v2\/product\/13727"}],"collection":[{"href":"https:\/\/hiima-store.com\/fr\/wp-json\/wp\/v2\/product"}],"about":[{"href":"https:\/\/hiima-store.com\/fr\/wp-json\/wp\/v2\/types\/product"}],"wp:featuredmedia":[{"embeddable":true,"href":"https:\/\/hiima-store.com\/fr\/wp-json\/wp\/v2\/media\/13728"}],"wp:attachment":[{"href":"https:\/\/hiima-store.com\/fr\/wp-json\/wp\/v2\/media?parent=13727"}],"wp:term":[{"taxonomy":"product_cat","embeddable":true,"href":"https:\/\/hiima-store.com\/fr\/wp-json\/wp\/v2\/product_cat?post=13727"},{"taxonomy":"product_tag","embeddable":true,"href":"https:\/\/hiima-store.com\/fr\/wp-json\/wp\/v2\/product_tag?post=13727"}],"curies":[{"name":"wp","href":"https:\/\/api.w.org\/{rel}","templated":true}]}}