{"id":14172,"date":"2020-06-04T12:49:55","date_gmt":"2020-06-04T12:49:55","guid":{"rendered":"https:\/\/hiima-store.com\/product\/mary-feuilles\/"},"modified":"2022-12-02T14:13:26","modified_gmt":"2022-12-02T14:13:26","slug":"mary-detail-dore-2","status":"publish","type":"product","link":"https:\/\/hiima-store.com\/fr\/produit\/mary-detail-dore-2\/","title":{"rendered":"Mary  -  detail dore"},"content":{"rendered":"<p>Fabriqu\u00e9 au Portugal<br \/>\nConseil de pointure: Ce mod\u00e8le taille normalement. Si vous vous situez entre deux pointures, nous vous conseillons de prendre la pointure sup\u00e9rieure.<br \/>\nTige: 100% cuir<br \/>\nDoublure: 100% cuir<br \/>\nSemelle int\u00e9rieure: 100% cuir<br \/>\nSemelle ext\u00e9rieure: 100% cuir<br \/>\nBroderies dor\u00e9s<br \/>\nHauteur talon : 2 cm<br \/>\nHauteur de tige : 12 cm<br \/>\n\u00c9lastique sur les c\u00f4t\u00e9s<br \/>\nLogo Hiima inscrit en dor\u00e9 sur la semelle int\u00e9rieure<\/p>\n<p>&nbsp;<\/p>\n<p>Ce mod\u00e8le est \u00e9galement disponible en <a href=\"https:\/\/hiima-store.com\/fr\/produit\/mary-camel\/\">camel.<\/a><\/p>\n","protected":false},"excerpt":{"rendered":"<p><strong>Conseil de pointure: <\/strong>Ce mod\u00e8le taille normalement. Si vous vous situez entre deux pointures, nous vous conseillons de prendre la pointure sup\u00e9rieure.<\/p>\n","protected":false},"featured_media":15058,"template":"","meta":[],"product_cat":[122],"product_tag":[],"acf":[],"aioseo_notices":[],"_links":{"self":[{"href":"https:\/\/hiima-store.com\/fr\/wp-json\/wp\/v2\/product\/14172"}],"collection":[{"href":"https:\/\/hiima-store.com\/fr\/wp-json\/wp\/v2\/product"}],"about":[{"href":"https:\/\/hiima-store.com\/fr\/wp-json\/wp\/v2\/types\/product"}],"wp:featuredmedia":[{"embeddable":true,"href":"https:\/\/hiima-store.com\/fr\/wp-json\/wp\/v2\/media\/15058"}],"wp:attachment":[{"href":"https:\/\/hiima-store.com\/fr\/wp-json\/wp\/v2\/media?parent=14172"}],"wp:term":[{"taxonomy":"product_cat","embeddable":true,"href":"https:\/\/hiima-store.com\/fr\/wp-json\/wp\/v2\/product_cat?post=14172"},{"taxonomy":"product_tag","embeddable":true,"href":"https:\/\/hiima-store.com\/fr\/wp-json\/wp\/v2\/product_tag?post=14172"}],"curies":[{"name":"wp","href":"https:\/\/api.w.org\/{rel}","templated":true}]}}