{"id":14435,"date":"2020-06-04T12:49:28","date_gmt":"2020-06-04T12:49:28","guid":{"rendered":"https:\/\/hiima-store.com\/product\/nina-rose\/"},"modified":"2022-12-02T15:29:38","modified_gmt":"2022-12-02T15:29:38","slug":"nina-rose","status":"publish","type":"product","link":"https:\/\/hiima-store.com\/fr\/produit\/nina-rose\/","title":{"rendered":"Nina - Rose"},"content":{"rendered":"<p>&#8211; Fabriqu\u00e9 au Portugal<br \/>\n&#8211; Tige: 100% cuir ch\u00e8vre velours<br \/>\n&#8211; Doublure: 100% cuir<br \/>\n&#8211; Semelle int\u00e9rieure: 100% cuir<br \/>\n&#8211; Semelle ext\u00e9rieure: 100% cuir<br \/>\n&#8211; Talon: 100% cuir<br \/>\n&#8211; Hauteur talons : 4.5 cm<br \/>\n&#8211; Notre joli mod\u00e8le NINA avec son petit noeud \u00e0 l&#8217;arri\u00e8re.<br \/>\n&#8211; Logo Hiima inscrit en dor\u00e9 sur la semelle int\u00e9rieure<\/p>\n<p>&nbsp;<\/p>\n<p>Ce mod\u00e8le est \u00e9galement disponible en <a href=\"https:\/\/hiima-store.com\/fr\/produit\/nina-noir\/\">noir.<\/a><\/p>\n","protected":false},"excerpt":{"rendered":"<p><strong>Conseil de pointure:<\/strong> Ce mod\u00e8le taille l\u00e9g\u00e8rement petit. Si vous vous situez entre deux pointures, nous vous conseillons de prendre la pointure sup\u00e9rieure.<\/p>\n","protected":false},"featured_media":14436,"template":"","meta":[],"product_cat":[122],"product_tag":[],"acf":[],"aioseo_notices":[],"_links":{"self":[{"href":"https:\/\/hiima-store.com\/fr\/wp-json\/wp\/v2\/product\/14435"}],"collection":[{"href":"https:\/\/hiima-store.com\/fr\/wp-json\/wp\/v2\/product"}],"about":[{"href":"https:\/\/hiima-store.com\/fr\/wp-json\/wp\/v2\/types\/product"}],"wp:featuredmedia":[{"embeddable":true,"href":"https:\/\/hiima-store.com\/fr\/wp-json\/wp\/v2\/media\/14436"}],"wp:attachment":[{"href":"https:\/\/hiima-store.com\/fr\/wp-json\/wp\/v2\/media?parent=14435"}],"wp:term":[{"taxonomy":"product_cat","embeddable":true,"href":"https:\/\/hiima-store.com\/fr\/wp-json\/wp\/v2\/product_cat?post=14435"},{"taxonomy":"product_tag","embeddable":true,"href":"https:\/\/hiima-store.com\/fr\/wp-json\/wp\/v2\/product_tag?post=14435"}],"curies":[{"name":"wp","href":"https:\/\/api.w.org\/{rel}","templated":true}]}}