{"id":14472,"date":"2020-06-04T12:49:28","date_gmt":"2020-06-04T12:49:28","guid":{"rendered":"https:\/\/hiima-store.com\/product\/aurelie-dore\/"},"modified":"2023-09-21T08:58:33","modified_gmt":"2023-09-21T08:58:33","slug":"aurelie-dore","status":"publish","type":"product","link":"https:\/\/hiima-store.com\/fr\/produit\/aurelie-dore\/","title":{"rendered":"Aur\u00e9lie - Dor\u00e9"},"content":{"rendered":"<p>&#8211; Fabriqu\u00e9 au Portugal<br \/>\n&#8211; Son syst\u00e8me de double passant permet de l&#8217;ajuster \u00e0 la hauteur que vous souhaitez.<br \/>\n&#8211; 100% cuir<br \/>\n&#8211; Longueur 90 cm<\/p>\n<p>&nbsp;<\/p>\n<p>Ce mod\u00e8le est \u00e9galement disponible en <a href=\"https:\/\/hiima-store.com\/product\/aurelie-gold\/\">dor\u00e9.<\/a><\/p>\n","protected":false},"excerpt":{"rendered":"<p>&#8211; Fabriqu\u00e9 au Portugal &#8211; Son syst\u00e8me de double passant permet de l&#8217;ajuster \u00e0 la hauteur que vous souhaitez. &#8211; 100% cuir &#8211; Longueur 90 cm &nbsp; Ce mod\u00e8le est \u00e9galement disponible en dor\u00e9.<\/p>\n","protected":false},"featured_media":14473,"template":"","meta":[],"product_cat":[124,120],"product_tag":[],"acf":[],"aioseo_notices":[],"_links":{"self":[{"href":"https:\/\/hiima-store.com\/fr\/wp-json\/wp\/v2\/product\/14472"}],"collection":[{"href":"https:\/\/hiima-store.com\/fr\/wp-json\/wp\/v2\/product"}],"about":[{"href":"https:\/\/hiima-store.com\/fr\/wp-json\/wp\/v2\/types\/product"}],"wp:featuredmedia":[{"embeddable":true,"href":"https:\/\/hiima-store.com\/fr\/wp-json\/wp\/v2\/media\/14473"}],"wp:attachment":[{"href":"https:\/\/hiima-store.com\/fr\/wp-json\/wp\/v2\/media?parent=14472"}],"wp:term":[{"taxonomy":"product_cat","embeddable":true,"href":"https:\/\/hiima-store.com\/fr\/wp-json\/wp\/v2\/product_cat?post=14472"},{"taxonomy":"product_tag","embeddable":true,"href":"https:\/\/hiima-store.com\/fr\/wp-json\/wp\/v2\/product_tag?post=14472"}],"curies":[{"name":"wp","href":"https:\/\/api.w.org\/{rel}","templated":true}]}}