{"id":14813,"date":"2020-06-04T12:49:55","date_gmt":"2020-06-04T12:49:55","guid":{"rendered":"https:\/\/hiima-store.com\/product\/lola-bordeaux\/"},"modified":"2022-12-02T14:45:40","modified_gmt":"2022-12-02T14:45:40","slug":"lola-bordeaux","status":"publish","type":"product","link":"https:\/\/hiima-store.com\/fr\/produit\/lola-bordeaux\/","title":{"rendered":"Lola - bordeaux"},"content":{"rendered":"<p>&#8211; Fabriqu\u00e9 au Portugal<br \/>\n&#8211; Tige: 100% cuir ch\u00e8vre velours\u00a0bordeaux<br \/>\n&#8211; Doublure: 100% cuir<br \/>\n&#8211; Semelle int\u00e9rieure: 100% cuir<br \/>\n&#8211; Semelle ext\u00e9rieure: 100% cuir<br \/>\n&#8211; Elastique \u00e0 l&#8217;arri\u00e8re sous le noeud<br \/>\n&#8211; Talon: 100% cuir<br \/>\n&#8211; Hauteur talons : 4.5 cm<br \/>\n&#8211; Logo Hiima inscrit en dor\u00e9 sur la semelle int\u00e9rieure<br \/>\n&#8211; Notre joli mod\u00e8le Lola avec son petit noeud \u00e0 l&#8217;arri\u00e8re et son ouverture sur l&#8217;arri\u00e8re du pied.<\/p>\n<p>&nbsp;<\/p>\n<p>Ce mod\u00e8le est \u00e9galement disponible en<a href=\"https:\/\/hiima-store.com\/fr\/produit\/lola-rose\/\"> rose.<\/a><\/p>\n","protected":false},"excerpt":{"rendered":"<p><strong>Conseil de pointure:<\/strong>Ce mod\u00e8le taille normalement. Si vous vous situez entre deux pointures, nous vous conseillons de prendre la pointure inf\u00e9rieure, afin que l&#8217;\u00e9lastique arri\u00e8re vous maintienne correctement le pied.<\/p>\n","protected":false},"featured_media":14814,"template":"","meta":[],"product_cat":[122],"product_tag":[],"acf":[],"aioseo_notices":[],"_links":{"self":[{"href":"https:\/\/hiima-store.com\/fr\/wp-json\/wp\/v2\/product\/14813"}],"collection":[{"href":"https:\/\/hiima-store.com\/fr\/wp-json\/wp\/v2\/product"}],"about":[{"href":"https:\/\/hiima-store.com\/fr\/wp-json\/wp\/v2\/types\/product"}],"wp:featuredmedia":[{"embeddable":true,"href":"https:\/\/hiima-store.com\/fr\/wp-json\/wp\/v2\/media\/14814"}],"wp:attachment":[{"href":"https:\/\/hiima-store.com\/fr\/wp-json\/wp\/v2\/media?parent=14813"}],"wp:term":[{"taxonomy":"product_cat","embeddable":true,"href":"https:\/\/hiima-store.com\/fr\/wp-json\/wp\/v2\/product_cat?post=14813"},{"taxonomy":"product_tag","embeddable":true,"href":"https:\/\/hiima-store.com\/fr\/wp-json\/wp\/v2\/product_tag?post=14813"}],"curies":[{"name":"wp","href":"https:\/\/api.w.org\/{rel}","templated":true}]}}