{"id":16638,"date":"2022-10-02T15:59:56","date_gmt":"2022-10-02T15:59:56","guid":{"rendered":"https:\/\/hiima-store.com\/product\/elise-noir\/"},"modified":"2023-02-06T09:53:41","modified_gmt":"2023-02-06T09:53:41","slug":"elise-noir","status":"publish","type":"product","link":"https:\/\/hiima-store.com\/fr\/produit\/elise-noir\/","title":{"rendered":"Elise - Noir"},"content":{"rendered":"<p>&#8211; Fabriqu\u00e9 au Portugal<\/p>\n<p>&#8211; Tige: 100% cuir<\/p>\n<p>&#8211; Doublure: 100% cuir<\/p>\n<p>&#8211; Semelle int\u00e9rieure: 100% cuir<\/p>\n<p>&#8211; Semelle ext\u00e9rieure: 100% cuir<\/p>\n<p>&#8211; Talon: 100% cuir<\/p>\n<p>&#8211; Hauteur de talon: 7.5 cm<\/p>\n<p>&#8211; Logo Hiima inscrit en dor\u00e9 sur la semelle int\u00e9rieure<\/p>\n<p>&#8211; Fermeture zipp\u00e9e c\u00f4t\u00e9 interne<\/p>\n<p>&nbsp;<\/p>\n<pre id=\"tw-target-text\" class=\"tw-data-text tw-text-large tw-ta\" dir=\"ltr\" data-placeholder=\"Tradu\u00e7\u00e3o\"><span class=\"Y2IQFc\" lang=\"fr\" style=\"font-family: georgia, palatino, serif;\">Ce style va bien avec la <a href=\"https:\/\/hiima-store.com\/fr\/product\/dress-romy-black\/\">robe Romy<\/a>.<\/span><\/pre>\n","protected":false},"excerpt":{"rendered":"<p><strong>Conseil de pointure: <\/strong>Ce mod\u00e8le taille normalement, nous vous conseillons de prendre votre pointure habituelle.<\/p>\n","protected":false},"featured_media":16639,"template":"","meta":[],"product_cat":[125,119],"product_tag":[],"acf":[],"aioseo_notices":[],"_links":{"self":[{"href":"https:\/\/hiima-store.com\/fr\/wp-json\/wp\/v2\/product\/16638"}],"collection":[{"href":"https:\/\/hiima-store.com\/fr\/wp-json\/wp\/v2\/product"}],"about":[{"href":"https:\/\/hiima-store.com\/fr\/wp-json\/wp\/v2\/types\/product"}],"wp:featuredmedia":[{"embeddable":true,"href":"https:\/\/hiima-store.com\/fr\/wp-json\/wp\/v2\/media\/16639"}],"wp:attachment":[{"href":"https:\/\/hiima-store.com\/fr\/wp-json\/wp\/v2\/media?parent=16638"}],"wp:term":[{"taxonomy":"product_cat","embeddable":true,"href":"https:\/\/hiima-store.com\/fr\/wp-json\/wp\/v2\/product_cat?post=16638"},{"taxonomy":"product_tag","embeddable":true,"href":"https:\/\/hiima-store.com\/fr\/wp-json\/wp\/v2\/product_tag?post=16638"}],"curies":[{"name":"wp","href":"https:\/\/api.w.org\/{rel}","templated":true}]}}