{"id":16841,"date":"2021-02-24T06:38:05","date_gmt":"2021-02-24T06:38:05","guid":{"rendered":"https:\/\/hiima-store.com\/product\/oceane-ecru\/"},"modified":"2023-09-20T10:57:15","modified_gmt":"2023-09-20T10:57:15","slug":"oceane-ecru","status":"publish","type":"product","link":"https:\/\/hiima-store.com\/fr\/produit\/oceane-ecru\/","title":{"rendered":"Oc\u00e9ane - Ecru"},"content":{"rendered":"<p>Mod\u00e8le cr\u00e9e en collaboration avec @Paulinetrrs.<\/p>\n<p>&#8211; Fabriqu\u00e9 au Portugal<br \/>\n&#8211; Tige: 100% cuir<br \/>\n&#8211; Doublure: 100% cuir<br \/>\n&#8211; Semelle int\u00e9rieure: 100% cuir<br \/>\n&#8211; Semelle ext\u00e9rieure: 100% cuir<br \/>\n&#8211; Talon: 100% cuir<br \/>\n&#8211; Hauteur de talon: 5,0 cm<br \/>\n&#8211; Logo Hiima inscrit en dor\u00e9 sur la semelle int\u00e9rieure<br \/>\n&#8211; Lani\u00e8res r\u00e9glables<\/p>\n<p>&nbsp;<\/p>\n<pre id=\"tw-target-text\" class=\"tw-data-text tw-text-large tw-ta\" dir=\"ltr\" data-placeholder=\"Tradu\u00e7\u00e3o\"><span class=\"Y2IQFc\" lang=\"fr\" style=\"font-family: georgia, palatino, serif;\">Oc\u00e9ane est un excellent choix \u00e0 associer \u00e0 notre combishort <a href=\"https:\/\/hiima-store.com\/fr\/product\/megan-jumpsuit\">Megane<\/a>.<\/span><\/pre>\n","protected":false},"excerpt":{"rendered":"<p><strong>Conseil de pointure:<\/strong> Ce mod\u00e8le taille l\u00e9g\u00e8rement petit. Si vous vous situez entre deux pointures ou si vous avez le pied fort, nous vous conseillons de prendre la pointure sup\u00e9rieure.<\/p>\n","protected":false},"featured_media":16842,"template":"","meta":[],"product_cat":[128,119],"product_tag":[],"acf":[],"aioseo_notices":[],"_links":{"self":[{"href":"https:\/\/hiima-store.com\/fr\/wp-json\/wp\/v2\/product\/16841"}],"collection":[{"href":"https:\/\/hiima-store.com\/fr\/wp-json\/wp\/v2\/product"}],"about":[{"href":"https:\/\/hiima-store.com\/fr\/wp-json\/wp\/v2\/types\/product"}],"wp:featuredmedia":[{"embeddable":true,"href":"https:\/\/hiima-store.com\/fr\/wp-json\/wp\/v2\/media\/16842"}],"wp:attachment":[{"href":"https:\/\/hiima-store.com\/fr\/wp-json\/wp\/v2\/media?parent=16841"}],"wp:term":[{"taxonomy":"product_cat","embeddable":true,"href":"https:\/\/hiima-store.com\/fr\/wp-json\/wp\/v2\/product_cat?post=16841"},{"taxonomy":"product_tag","embeddable":true,"href":"https:\/\/hiima-store.com\/fr\/wp-json\/wp\/v2\/product_tag?post=16841"}],"curies":[{"name":"wp","href":"https:\/\/api.w.org\/{rel}","templated":true}]}}