{"id":16973,"date":"2021-04-15T11:04:27","date_gmt":"2021-04-15T11:04:27","guid":{"rendered":"https:\/\/hiima-store.com\/product\/lina-champagne-2\/"},"modified":"2025-07-12T21:43:01","modified_gmt":"2025-07-12T21:43:01","slug":"lina-champagne","status":"publish","type":"product","link":"https:\/\/hiima-store.com\/fr\/produit\/lina-champagne\/","title":{"rendered":"Lina - Champagne"},"content":{"rendered":"<p>&#8211; Fabriqu\u00e9 au Portugal<br \/>\n&#8211; Tige: 100% cuir m\u00e9tallis\u00e9 dor\u00e9<br \/>\n&#8211; Doublure: 100% cuir<br \/>\n&#8211; Semelle int\u00e9rieure: 100% cuir<br \/>\n&#8211; Semelle ext\u00e9rieure: 100% cuir<br \/>\n&#8211; Fermeture avec une boucle r\u00e9glable or clair<br \/>\n&#8211; Talon: 100% cuir<br \/>\n&#8211; Hauteur de talon: 7,5 cm<br \/>\n&#8211; Logo Hiima inscrit en dor\u00e9 sur la semelle int\u00e9rieure<\/p>\n<p>&nbsp;<\/p>\n<pre id=\"tw-target-text\" class=\"tw-data-text tw-text-large tw-ta\" dir=\"ltr\" data-placeholder=\"Tradu\u00e7\u00e3o\"><span class=\"Y2IQFc\" lang=\"fr\" style=\"font-family: georgia, palatino, serif;\">Lina est un excellent choix \u00e0 associer \u00e0 notre combinaison <a href=\"https:\/\/hiima-store.com\/fr\/product\/agathe-jumpsuit\/\">Agathe<\/a>.<\/span><\/pre>\n","protected":false},"excerpt":{"rendered":"<p><strong>Conseil de pointure:<\/strong> Ce mod\u00e8le taille l\u00e9g\u00e8rement petit. Si vous vous situez entre deux pointures ou si vous avez le pied fort, nous vous conseillons de prendre la pointure sup\u00e9rieure.<\/p>\n","protected":false},"featured_media":16974,"template":"","meta":[],"product_cat":[128,126],"product_tag":[],"acf":[],"aioseo_notices":[],"_links":{"self":[{"href":"https:\/\/hiima-store.com\/fr\/wp-json\/wp\/v2\/product\/16973"}],"collection":[{"href":"https:\/\/hiima-store.com\/fr\/wp-json\/wp\/v2\/product"}],"about":[{"href":"https:\/\/hiima-store.com\/fr\/wp-json\/wp\/v2\/types\/product"}],"wp:featuredmedia":[{"embeddable":true,"href":"https:\/\/hiima-store.com\/fr\/wp-json\/wp\/v2\/media\/16974"}],"wp:attachment":[{"href":"https:\/\/hiima-store.com\/fr\/wp-json\/wp\/v2\/media?parent=16973"}],"wp:term":[{"taxonomy":"product_cat","embeddable":true,"href":"https:\/\/hiima-store.com\/fr\/wp-json\/wp\/v2\/product_cat?post=16973"},{"taxonomy":"product_tag","embeddable":true,"href":"https:\/\/hiima-store.com\/fr\/wp-json\/wp\/v2\/product_tag?post=16973"}],"curies":[{"name":"wp","href":"https:\/\/api.w.org\/{rel}","templated":true}]}}