{"id":17156,"date":"2021-04-22T13:22:21","date_gmt":"2021-04-22T13:22:21","guid":{"rendered":"https:\/\/hiima-store.com\/product\/pauline-beige\/"},"modified":"2022-11-29T16:43:54","modified_gmt":"2022-11-29T16:43:54","slug":"pauline-beige","status":"publish","type":"product","link":"https:\/\/hiima-store.com\/fr\/produit\/pauline-beige\/","title":{"rendered":"Pauline - Beige"},"content":{"rendered":"<p>Cr\u00e9e en collaboration avec l&#8217;instagrameuse Paulinetrrs<\/p>\n<p>&#8211; Fabriqu\u00e9 au Portugal<br \/>\n&#8211; Tige: 100% cuir croute<br \/>\n&#8211; Doublure: 100% cuir<br \/>\n&#8211; Semelle int\u00e9rieure: 100% cuir<br \/>\n&#8211; Semelle ext\u00e9rieure: 100% cuir<br \/>\n&#8211; Hauteur talon : 4,5 cm<br \/>\n&#8211; Hauteur de tige : 11 cm<br \/>\n&#8211; Zip m\u00e9tallique sur l&#8217;int\u00e9rieur de la tige<br \/>\n&#8211; Logo Hiima inscrit en dor\u00e9 sur la semelle int\u00e9rieure<\/p>\n<p>&nbsp;<\/p>\n<p>Ce mod\u00e8le est \u00e9galement disponible en <a href=\"https:\/\/hiima-store.com\/product\/pauline-beige-sole-2\/\">noir<\/a><\/p>\n","protected":false},"excerpt":{"rendered":"<p><strong>Conseil de pointure: <\/strong>Ce mod\u00e8le taille l\u00e9g\u00e9rement petit. Si vous vous situez entre deux pointures ou si vous avez le pied fort, nous vous conseillons de prendre la pointure sup\u00e9rieure.<\/p>\n","protected":false},"featured_media":17157,"template":"","meta":[],"product_cat":[122],"product_tag":[],"acf":[],"aioseo_notices":[],"_links":{"self":[{"href":"https:\/\/hiima-store.com\/fr\/wp-json\/wp\/v2\/product\/17156"}],"collection":[{"href":"https:\/\/hiima-store.com\/fr\/wp-json\/wp\/v2\/product"}],"about":[{"href":"https:\/\/hiima-store.com\/fr\/wp-json\/wp\/v2\/types\/product"}],"wp:featuredmedia":[{"embeddable":true,"href":"https:\/\/hiima-store.com\/fr\/wp-json\/wp\/v2\/media\/17157"}],"wp:attachment":[{"href":"https:\/\/hiima-store.com\/fr\/wp-json\/wp\/v2\/media?parent=17156"}],"wp:term":[{"taxonomy":"product_cat","embeddable":true,"href":"https:\/\/hiima-store.com\/fr\/wp-json\/wp\/v2\/product_cat?post=17156"},{"taxonomy":"product_tag","embeddable":true,"href":"https:\/\/hiima-store.com\/fr\/wp-json\/wp\/v2\/product_tag?post=17156"}],"curies":[{"name":"wp","href":"https:\/\/api.w.org\/{rel}","templated":true}]}}