{"id":17202,"date":"2021-04-22T13:34:32","date_gmt":"2021-04-22T13:34:32","guid":{"rendered":"https:\/\/hiima-store.com\/product\/cynthia\/"},"modified":"2023-10-08T19:44:51","modified_gmt":"2023-10-08T19:44:51","slug":"cynthia-python","status":"publish","type":"product","link":"https:\/\/hiima-store.com\/fr\/produit\/cynthia-python\/","title":{"rendered":"Cynthia - Python"},"content":{"rendered":"<p>&#8211; Fabriqu\u00e9 au Portugal<br \/>\n&#8211; Tige: 100% cuir imitation python<br \/>\n&#8211; Doublure: 100% cuir<br \/>\n&#8211; Semelle int\u00e9rieure: 100% cuir<br \/>\n&#8211; Semelle ext\u00e9rieure: 100% cuir<br \/>\n&#8211; Talon: 100% cuir<br \/>\n&#8211; Hauteur de talon: 7.5 cm<br \/>\n&#8211; Logo Hiima inscrit en dor\u00e9 sur la semelle int\u00e9rieure<br \/>\n&#8211; Fermeture zipp\u00e9e c\u00f4t\u00e9 interne<\/p>\n<p>&nbsp;<\/p>\n<pre id=\"tw-target-text\" class=\"tw-data-text tw-text-large tw-ta\" dir=\"ltr\" data-placeholder=\"Tradu\u00e7\u00e3o\"><span class=\"Y2IQFc\" lang=\"fr\" style=\"font-family: georgia, palatino, serif;\">Cynthia est un excellent choix \u00e0 associer avec notre chemise <a href=\"https:\/\/hiima-store.com\/fr\/product\/shirt-clemence\">Cl\u00e9mence<\/a>.<\/span><\/pre>\n","protected":false},"excerpt":{"rendered":"<p><strong>Conseil de pointure: <\/strong>Ce mod\u00e8le taille normalement, nous vous conseillons de prendre votre pointure habituelle.<\/p>\n","protected":false},"featured_media":17203,"template":"","meta":[],"product_cat":[125,119],"product_tag":[],"acf":[],"aioseo_notices":[],"_links":{"self":[{"href":"https:\/\/hiima-store.com\/fr\/wp-json\/wp\/v2\/product\/17202"}],"collection":[{"href":"https:\/\/hiima-store.com\/fr\/wp-json\/wp\/v2\/product"}],"about":[{"href":"https:\/\/hiima-store.com\/fr\/wp-json\/wp\/v2\/types\/product"}],"wp:featuredmedia":[{"embeddable":true,"href":"https:\/\/hiima-store.com\/fr\/wp-json\/wp\/v2\/media\/17203"}],"wp:attachment":[{"href":"https:\/\/hiima-store.com\/fr\/wp-json\/wp\/v2\/media?parent=17202"}],"wp:term":[{"taxonomy":"product_cat","embeddable":true,"href":"https:\/\/hiima-store.com\/fr\/wp-json\/wp\/v2\/product_cat?post=17202"},{"taxonomy":"product_tag","embeddable":true,"href":"https:\/\/hiima-store.com\/fr\/wp-json\/wp\/v2\/product_tag?post=17202"}],"curies":[{"name":"wp","href":"https:\/\/api.w.org\/{rel}","templated":true}]}}