{"id":17528,"date":"2021-05-03T11:33:59","date_gmt":"2021-05-03T11:33:59","guid":{"rendered":"https:\/\/hiima-store.com\/product\/lisa-dore\/"},"modified":"2025-05-15T22:53:35","modified_gmt":"2025-05-15T22:53:35","slug":"lisa-dore","status":"publish","type":"product","link":"https:\/\/hiima-store.com\/fr\/produit\/lisa-dore\/","title":{"rendered":"Lisa - Dor\u00e9"},"content":{"rendered":"<p>&#8211; Fabriqu\u00e9 au Portugal<br \/>\n&#8211; Tige: 100% cuir dor\u00e9 dor\u00e9<br \/>\n&#8211; Doublure: 100% cuir<br \/>\n&#8211; Semelle int\u00e9rieure: 100% cuir<br \/>\n&#8211; Semelle ext\u00e9rieure: 100% cuir<br \/>\n&#8211; Talon: 100% cuir<br \/>\n&#8211; Hauteur de talon: 8 cm<br \/>\n&#8211; Logo Hiima inscrit en dor\u00e9 sur la semelle int\u00e9rieure<\/p>\n<p>&nbsp;<\/p>\n<pre id=\"tw-target-text\" class=\"tw-data-text tw-text-large tw-ta\" dir=\"ltr\" data-placeholder=\"Tradu\u00e7\u00e3o\"><span class=\"Y2IQFc\" lang=\"fr\" style=\"font-family: georgia, palatino, serif;\">Lisa est un excellent choix \u00e0 associer avec notre robe <a href=\"https:\/\/hiima-store.com\/fr\/product\/dress-romy-black\">Romy<\/a>.<\/span><\/pre>\n","protected":false},"excerpt":{"rendered":"<p><strong>Conseil de pointure:<\/strong> Ce mod\u00e8le taille l\u00e9g\u00e8rement grand. Si vous vous situez entre deux pointures, prenez la pointure inf\u00e9rieure. Si vous avez le mod\u00e8le Elena, nous vous conseillons la m\u00eame pointure.<\/p>\n","protected":false},"featured_media":17529,"template":"","meta":[],"product_cat":[127,126,119],"product_tag":[],"acf":[],"aioseo_notices":[],"_links":{"self":[{"href":"https:\/\/hiima-store.com\/fr\/wp-json\/wp\/v2\/product\/17528"}],"collection":[{"href":"https:\/\/hiima-store.com\/fr\/wp-json\/wp\/v2\/product"}],"about":[{"href":"https:\/\/hiima-store.com\/fr\/wp-json\/wp\/v2\/types\/product"}],"wp:featuredmedia":[{"embeddable":true,"href":"https:\/\/hiima-store.com\/fr\/wp-json\/wp\/v2\/media\/17529"}],"wp:attachment":[{"href":"https:\/\/hiima-store.com\/fr\/wp-json\/wp\/v2\/media?parent=17528"}],"wp:term":[{"taxonomy":"product_cat","embeddable":true,"href":"https:\/\/hiima-store.com\/fr\/wp-json\/wp\/v2\/product_cat?post=17528"},{"taxonomy":"product_tag","embeddable":true,"href":"https:\/\/hiima-store.com\/fr\/wp-json\/wp\/v2\/product_tag?post=17528"}],"curies":[{"name":"wp","href":"https:\/\/api.w.org\/{rel}","templated":true}]}}