{"id":17595,"date":"2021-05-03T11:42:38","date_gmt":"2021-05-03T11:42:38","guid":{"rendered":"https:\/\/hiima-store.com\/product\/alexanne-noir\/"},"modified":"2023-09-20T10:45:30","modified_gmt":"2023-09-20T10:45:30","slug":"alexane-noir","status":"publish","type":"product","link":"https:\/\/hiima-store.com\/fr\/produit\/alexane-noir\/","title":{"rendered":"Alexane - Noir"},"content":{"rendered":"<p>&#8211;\u00a0Fabriqu\u00e9 au Portugal<br \/>\n&#8211; Tige: 100% cuir noir tress\u00e9<br \/>\n&#8211; Doublure: 100% cuir<br \/>\n&#8211; Semelle int\u00e9rieure: 100% cuir<br \/>\n&#8211; Semelle ext\u00e9rieure: 100% cuir<br \/>\n&#8211; Hauteur de talon: 5 cm<br \/>\n&#8211; Logo Hiima inscrit en dor\u00e9 sur la semelle int\u00e9rieure<br \/>\n&#8211; Fermeture zipp\u00e9e \u00e0 l&#8217;arri\u00e8re<\/p>\n<p>&nbsp;<\/p>\n<pre id=\"tw-target-text\" class=\"tw-data-text tw-text-large tw-ta\" dir=\"ltr\" data-placeholder=\"Tradu\u00e7\u00e3o\"><span class=\"Y2IQFc\" lang=\"fr\" style=\"font-family: georgia, palatino, serif;\">Alexane est un excellent choix \u00e0 associer avec un jean et notre top <a href=\"https:\/\/hiima-store.com\/fr\/product\/raquel-black\">Raquel.<\/a><\/span><\/pre>\n","protected":false},"excerpt":{"rendered":"<p><strong>Conseil de pointure: <\/strong>Ce mod\u00e8le taille normalement<\/p>\n","protected":false},"featured_media":17596,"template":"","meta":[],"product_cat":[125,119],"product_tag":[],"acf":[],"aioseo_notices":[],"_links":{"self":[{"href":"https:\/\/hiima-store.com\/fr\/wp-json\/wp\/v2\/product\/17595"}],"collection":[{"href":"https:\/\/hiima-store.com\/fr\/wp-json\/wp\/v2\/product"}],"about":[{"href":"https:\/\/hiima-store.com\/fr\/wp-json\/wp\/v2\/types\/product"}],"wp:featuredmedia":[{"embeddable":true,"href":"https:\/\/hiima-store.com\/fr\/wp-json\/wp\/v2\/media\/17596"}],"wp:attachment":[{"href":"https:\/\/hiima-store.com\/fr\/wp-json\/wp\/v2\/media?parent=17595"}],"wp:term":[{"taxonomy":"product_cat","embeddable":true,"href":"https:\/\/hiima-store.com\/fr\/wp-json\/wp\/v2\/product_cat?post=17595"},{"taxonomy":"product_tag","embeddable":true,"href":"https:\/\/hiima-store.com\/fr\/wp-json\/wp\/v2\/product_tag?post=17595"}],"curies":[{"name":"wp","href":"https:\/\/api.w.org\/{rel}","templated":true}]}}