{"id":18175,"date":"2021-08-02T13:39:21","date_gmt":"2021-08-02T13:39:21","guid":{"rendered":"https:\/\/hiima-store.com\/product\/audrey-print\/"},"modified":"2023-09-21T08:57:24","modified_gmt":"2023-09-21T08:57:24","slug":"audrey-pantalon","status":"publish","type":"product","link":"https:\/\/hiima-store.com\/fr\/produit\/audrey-pantalon\/","title":{"rendered":"Pantalon Audrey"},"content":{"rendered":"<p>Audrey<\/p>\n<p>Fabriqu\u00e9 au Portugal<\/p>\n<p>Pantalon avec plis sur le devant, zip braguette, poches italiennes, ceinture \u00e9lastique sur une partie et \u00e0 nouer sur le devant.<br \/>\nLongueur 102 cm pour une taille S.<\/p>\n<p>Le mannequin mesure 1m68\u00a0et porte une taille S.<br \/>\nConseil de pointure: Ce mod\u00e8le taille normalement, nous vous conseillons de prendre votre taille habituelle. Si vous \u00eates entre deux tailles, privil\u00e9giez la taille inf\u00e9rieure.<\/p>\n<p><strong>Composition:<br \/>\n<\/strong>100% polyester<\/p>\n<p><strong>Conseils d&#8217;entretien pour prendre soin de vos pi\u00e8ces\u00a0:<\/strong><br \/>\nLavage \u00e0 30\u00b0C d\u00e9licat<\/p>\n<p>&nbsp;<\/p>\n<pre id=\"tw-target-text\" class=\"tw-data-text tw-text-large tw-ta\" dir=\"ltr\" data-placeholder=\"Tradu\u00e7\u00e3o\"><span class=\"Y2IQFc\" lang=\"fr\" style=\"font-family: georgia, palatino, serif;\">Le pantalon Audrey va bien avec notre mod\u00e8le <a href=\"https:\/\/hiima-store.com\/fr\/produit\/alizee-dore\/\">Aliz\u00e9e<\/a> ou encore avec <a href=\"https:\/\/hiima-store.com\/fr\/produit\/elena-noir\/\">Elena<\/a>.<\/span><\/pre>\n","protected":false},"excerpt":{"rendered":"<p><strong>Conseil de pointure:<\/strong> Ce mod\u00e8le taille normalement, nous vous conseillons de prendre votre taille habituelle. Si vous \u00eates entre deux tailles, privil\u00e9giez la taille inf\u00e9rieure.<\/p>\n","protected":false},"featured_media":18176,"template":"","meta":[],"product_cat":[121],"product_tag":[],"acf":[],"aioseo_notices":[],"_links":{"self":[{"href":"https:\/\/hiima-store.com\/fr\/wp-json\/wp\/v2\/product\/18175"}],"collection":[{"href":"https:\/\/hiima-store.com\/fr\/wp-json\/wp\/v2\/product"}],"about":[{"href":"https:\/\/hiima-store.com\/fr\/wp-json\/wp\/v2\/types\/product"}],"wp:featuredmedia":[{"embeddable":true,"href":"https:\/\/hiima-store.com\/fr\/wp-json\/wp\/v2\/media\/18176"}],"wp:attachment":[{"href":"https:\/\/hiima-store.com\/fr\/wp-json\/wp\/v2\/media?parent=18175"}],"wp:term":[{"taxonomy":"product_cat","embeddable":true,"href":"https:\/\/hiima-store.com\/fr\/wp-json\/wp\/v2\/product_cat?post=18175"},{"taxonomy":"product_tag","embeddable":true,"href":"https:\/\/hiima-store.com\/fr\/wp-json\/wp\/v2\/product_tag?post=18175"}],"curies":[{"name":"wp","href":"https:\/\/api.w.org\/{rel}","templated":true}]}}