{"id":18527,"date":"2021-08-03T14:40:23","date_gmt":"2021-08-03T14:40:23","guid":{"rendered":"https:\/\/hiima-store.com\/product\/short-alba\/"},"modified":"2023-09-21T08:58:04","modified_gmt":"2023-09-21T08:58:04","slug":"short-alba","status":"publish","type":"product","link":"https:\/\/hiima-store.com\/fr\/produit\/short-alba\/","title":{"rendered":"Short Alba"},"content":{"rendered":"<p>Alba<\/p>\n<p>Fabriqu\u00e9 au Portugal<\/p>\n<p>Short Noir avec ceinture clout\u00e9, clous de couleur argent, plis sur le devant, zip braguette avant et bouton travaill\u00e9 sur l&#8217;avant, poches italiennes<br \/>\nLongueur : 35,5 pour une taille S<\/p>\n<p>Le mannequin mesure 1m70 et porte une taille XS.<br \/>\nConseil de pointure: Ce mod\u00e8le taille normalement, nous vous conseillons de prendre votre taille habituelle.<\/p>\n<p>Si vous \u00eates entre deux tailles, privil\u00e9giez la taille inf\u00e9rieure.<\/p>\n<p>Composition: 83% polyester, 14% viscose et 3% \u00e9lasthanne<\/p>\n<p><strong>Conseils d&#8217;entretien pour prendre soin de vos pi\u00e8ces\u00a0:<\/strong><br \/>\nLavage \u00e0 30\u00b0C d\u00e9licat<\/p>\n<p>&nbsp;<\/p>\n<pre id=\"tw-target-text\" class=\"tw-data-text tw-text-large tw-ta\" dir=\"ltr\" data-placeholder=\"Tradu\u00e7\u00e3o\"><span class=\"Y2IQFc\" lang=\"fr\" style=\"font-family: georgia, palatino, serif;\">Ce short ira bien avec une paire de notre mod\u00e8le <a href=\"https:\/\/hiima-store.com\/fr\/produit\/elise-noir\/\">Elise<\/a> ou peut-\u00eatre m\u00eame <a href=\"https:\/\/hiima-store.com\/fr\/produit\/margot-noir-2\/\">Margot<\/a>, pour un look \u00e0 la fois moderne et \u00e9l\u00e9gant.<\/span><\/pre>\n","protected":false},"excerpt":{"rendered":"<p><strong>Conseil de pointure:<\/strong> Ce mod\u00e8le taille normalement, nous vous conseillons de prendre votre taille habituelle.<\/p>\n","protected":false},"featured_media":18528,"template":"","meta":[],"product_cat":[121],"product_tag":[],"acf":[],"aioseo_notices":[],"_links":{"self":[{"href":"https:\/\/hiima-store.com\/fr\/wp-json\/wp\/v2\/product\/18527"}],"collection":[{"href":"https:\/\/hiima-store.com\/fr\/wp-json\/wp\/v2\/product"}],"about":[{"href":"https:\/\/hiima-store.com\/fr\/wp-json\/wp\/v2\/types\/product"}],"wp:featuredmedia":[{"embeddable":true,"href":"https:\/\/hiima-store.com\/fr\/wp-json\/wp\/v2\/media\/18528"}],"wp:attachment":[{"href":"https:\/\/hiima-store.com\/fr\/wp-json\/wp\/v2\/media?parent=18527"}],"wp:term":[{"taxonomy":"product_cat","embeddable":true,"href":"https:\/\/hiima-store.com\/fr\/wp-json\/wp\/v2\/product_cat?post=18527"},{"taxonomy":"product_tag","embeddable":true,"href":"https:\/\/hiima-store.com\/fr\/wp-json\/wp\/v2\/product_tag?post=18527"}],"curies":[{"name":"wp","href":"https:\/\/api.w.org\/{rel}","templated":true}]}}