{"id":18577,"date":"2021-08-03T14:44:05","date_gmt":"2021-08-03T14:44:05","guid":{"rendered":"https:\/\/hiima-store.com\/product\/chemise-aude\/"},"modified":"2023-09-21T08:57:42","modified_gmt":"2023-09-21T08:57:42","slug":"chemise-brode-aude","status":"publish","type":"product","link":"https:\/\/hiima-store.com\/fr\/produit\/chemise-brode-aude\/","title":{"rendered":"Chemise Brod\u00e9 Aude"},"content":{"rendered":"<p>Chemise Aude<\/p>\n<p>Fabriqu\u00e9 au Portugal<\/p>\n<p>Design plumes brod\u00e9s, manches longues, boutonni\u00e8re sur le devant.<br \/>\nLongueur : 68 cm pour un S<\/p>\n<p>Le mannequin mesure 1m70\u00a0et porte une taille S.<br \/>\nConseil : Ce mod\u00e8le taille normalement, nous vous conseillons de prendre votre taille habituelle.<\/p>\n<p>Composition: 100% viscose<\/p>\n<p><strong>Conseils d&#8217;entretien pour prendre soin de vos pi\u00e8ces\u00a0:<\/strong><br \/>\nLavage \u00e0 30\u00b0C d\u00e9licat<\/p>\n<p>&nbsp;<\/p>\n<pre id=\"tw-target-text\" class=\"tw-data-text tw-text-large tw-ta\" dir=\"ltr\" data-placeholder=\"Tradu\u00e7\u00e3o\"><span class=\"Y2IQFc\" lang=\"fr\" style=\"font-family: georgia, palatino, serif;\">Cette chemise ira bien avec un jean et notre mod\u00e8le <a href=\"https:\/\/hiima-store.com\/fr\/produit\/lisa-dore\/\">Lisa<\/a>, pour un look \u00e0 la fois moderne et \u00e9l\u00e9gant.<\/span><\/pre>\n","protected":false},"excerpt":{"rendered":"<p><strong>Conseil de pointure :<\/strong> Ce mod\u00e8le taille normalement, nous vous conseillons de prendre votre taille habituelle.<\/p>\n","protected":false},"featured_media":18578,"template":"","meta":[],"product_cat":[121],"product_tag":[],"acf":[],"aioseo_notices":[],"_links":{"self":[{"href":"https:\/\/hiima-store.com\/fr\/wp-json\/wp\/v2\/product\/18577"}],"collection":[{"href":"https:\/\/hiima-store.com\/fr\/wp-json\/wp\/v2\/product"}],"about":[{"href":"https:\/\/hiima-store.com\/fr\/wp-json\/wp\/v2\/types\/product"}],"wp:featuredmedia":[{"embeddable":true,"href":"https:\/\/hiima-store.com\/fr\/wp-json\/wp\/v2\/media\/18578"}],"wp:attachment":[{"href":"https:\/\/hiima-store.com\/fr\/wp-json\/wp\/v2\/media?parent=18577"}],"wp:term":[{"taxonomy":"product_cat","embeddable":true,"href":"https:\/\/hiima-store.com\/fr\/wp-json\/wp\/v2\/product_cat?post=18577"},{"taxonomy":"product_tag","embeddable":true,"href":"https:\/\/hiima-store.com\/fr\/wp-json\/wp\/v2\/product_tag?post=18577"}],"curies":[{"name":"wp","href":"https:\/\/api.w.org\/{rel}","templated":true}]}}