{"id":19045,"date":"2021-12-09T18:10:44","date_gmt":"2021-12-09T18:10:44","guid":{"rendered":"https:\/\/hiima-store.com\/product\/top-raquel-noir\/"},"modified":"2023-09-21T08:58:12","modified_gmt":"2023-09-21T08:58:12","slug":"top-raquel-noir","status":"publish","type":"product","link":"https:\/\/hiima-store.com\/fr\/produit\/top-raquel-noir\/","title":{"rendered":"Top Raquel - Noir"},"content":{"rendered":"<p>Fabriqu\u00e9 au Portugal<br \/>\nConseil :Ce mod\u00e8le taille normalement, nous vous conseillons de prendre votre taille habituelle.<br \/>\nTop avec d\u00e9tails de fronces avec petit lien \u00e0 nouer \u00e0 l&#8217;arri\u00e8re.<\/p>\n<p>Le mannequin mesure 1m65\u00a0et porte une taille S.<br \/>\nCe mod\u00e8le taille normalement, nous vous conseillons de prendre votre taille habituelle.<\/p>\n<p><strong>Composition:\u00a0<\/strong><\/p>\n<p>100% viscose<\/p>\n<p><strong>Conseils d&#8217;entretien pour prendre soin de vos pi\u00e8ces\u00a0:<\/strong><br \/>\nLavage \u00e0 30\u00b0C d\u00e9licat<\/p>\n<p>&nbsp;<\/p>\n<p>Chez Hiima, on aime associer notre top Raquel \u00e0 un jean denim noir ou bleu, avec nos escarpins <a href=\"https:\/\/hiima-store.com\/fr?s=elena&amp;post_type=product\">Elena<\/a> ou nos bottines <a href=\"https:\/\/hiima-store.com\/fr?s=albane&amp;post_type=product\">Albane<\/a>.<\/p>\n","protected":false},"excerpt":{"rendered":"<p><strong>Conseil :<\/strong> Ce mod\u00e8le taille normalement, nous vous conseillons de prendre votre taille habituelle.<\/p>\n","protected":false},"featured_media":19046,"template":"","meta":[],"product_cat":[121],"product_tag":[],"acf":[],"aioseo_notices":[],"_links":{"self":[{"href":"https:\/\/hiima-store.com\/fr\/wp-json\/wp\/v2\/product\/19045"}],"collection":[{"href":"https:\/\/hiima-store.com\/fr\/wp-json\/wp\/v2\/product"}],"about":[{"href":"https:\/\/hiima-store.com\/fr\/wp-json\/wp\/v2\/types\/product"}],"wp:featuredmedia":[{"embeddable":true,"href":"https:\/\/hiima-store.com\/fr\/wp-json\/wp\/v2\/media\/19046"}],"wp:attachment":[{"href":"https:\/\/hiima-store.com\/fr\/wp-json\/wp\/v2\/media?parent=19045"}],"wp:term":[{"taxonomy":"product_cat","embeddable":true,"href":"https:\/\/hiima-store.com\/fr\/wp-json\/wp\/v2\/product_cat?post=19045"},{"taxonomy":"product_tag","embeddable":true,"href":"https:\/\/hiima-store.com\/fr\/wp-json\/wp\/v2\/product_tag?post=19045"}],"curies":[{"name":"wp","href":"https:\/\/api.w.org\/{rel}","templated":true}]}}