{"id":21891,"date":"2022-10-27T11:56:56","date_gmt":"2022-10-27T11:56:56","guid":{"rendered":"https:\/\/hiima-store.com\/?post_type=product&#038;p=21891"},"modified":"2023-10-06T17:59:35","modified_gmt":"2023-10-06T17:59:35","slug":"bottines-en-cuir-albane-kaki","status":"publish","type":"product","link":"https:\/\/hiima-store.com\/fr\/produit\/bottines-en-cuir-albane-kaki\/","title":{"rendered":"Albane - Kaki"},"content":{"rendered":"<p>&#8211; Fabriqu\u00e9 au Portugal<br \/>\n&#8211; Tige: 100% cuir<br \/>\n&#8211; Doublure: 100% cuir<br \/>\n&#8211; Semelle int\u00e9rieure: 100% cuir<br \/>\n&#8211; Semelle ext\u00e9rieure: 100% cuir<br \/>\n&#8211; Talon: 100% cuir<br \/>\n&#8211; Hauteur de talon: 7.5 cm<br \/>\n&#8211; Hauteur de tige: 13 cm<br \/>\n&#8211; Logo Hiima inscrit en dor\u00e9 sur la semelle int\u00e9rieure<br \/>\n&#8211; Fermeture zipp\u00e9e c\u00f4t\u00e9 interne<\/p>\n<p>Ce mod\u00e8le est \u00e9galement disponible en <a href=\"https:\/\/hiima-store.com\/fr\/produit\/albane-ecru\">couleur \u00e9cru<\/a><\/p>\n","protected":false},"excerpt":{"rendered":"<p><strong>Conseil de pointure:<\/strong> Ce mod\u00e8le taille normalement, nous vous conseillons de prendre votre pointure habituelle.<\/p>\n","protected":false},"featured_media":21933,"template":"","meta":[],"product_cat":[125,119],"product_tag":[],"acf":[],"aioseo_notices":[],"_links":{"self":[{"href":"https:\/\/hiima-store.com\/fr\/wp-json\/wp\/v2\/product\/21891"}],"collection":[{"href":"https:\/\/hiima-store.com\/fr\/wp-json\/wp\/v2\/product"}],"about":[{"href":"https:\/\/hiima-store.com\/fr\/wp-json\/wp\/v2\/types\/product"}],"wp:featuredmedia":[{"embeddable":true,"href":"https:\/\/hiima-store.com\/fr\/wp-json\/wp\/v2\/media\/21933"}],"wp:attachment":[{"href":"https:\/\/hiima-store.com\/fr\/wp-json\/wp\/v2\/media?parent=21891"}],"wp:term":[{"taxonomy":"product_cat","embeddable":true,"href":"https:\/\/hiima-store.com\/fr\/wp-json\/wp\/v2\/product_cat?post=21891"},{"taxonomy":"product_tag","embeddable":true,"href":"https:\/\/hiima-store.com\/fr\/wp-json\/wp\/v2\/product_tag?post=21891"}],"curies":[{"name":"wp","href":"https:\/\/api.w.org\/{rel}","templated":true}]}}